{"id":107,"date":"2018-03-16T10:51:18","date_gmt":"2018-03-16T10:51:18","guid":{"rendered":"http:\/\/bridge187.qodeinteractive.com\/?page_id=107"},"modified":"2018-09-05T13:56:35","modified_gmt":"2018-09-05T13:56:35","slug":"about-us","status":"publish","type":"page","link":"https:\/\/wildwest.al\/?page_id=107","title":{"rendered":"Rreth Nesh"},"content":{"rendered":"<div class=\"wpb-content-wrapper\"><p>[vc_row css_animation=&#8221;&#8221; row_type=&#8221;row&#8221; use_row_as_full_screen_section=&#8221;no&#8221; type=&#8221;grid&#8221; angled_section=&#8221;no&#8221; text_align=&#8221;left&#8221; background_image_as_pattern=&#8221;without_pattern&#8221; padding_top=&#8221;100&#8243; z_index=&#8221;&#8221;][vc_column offset=&#8221;vc_col-md-6&#8243;][qode_elements_holder number_of_columns=&#8221;one_column&#8221;][qode_elements_holder_item item_padding=&#8221;0 0 0 0&#8243; advanced_animations=&#8221;no&#8221;][vc_single_image image=&#8221;281&#8243; img_size=&#8221;full&#8221; alignment=&#8221;right&#8221; qode_css_animation=&#8221;&#8221;][\/qode_elements_holder_item][\/qode_elements_holder][\/vc_column][vc_column offset=&#8221;vc_col-md-6&#8243;][qode_elements_holder number_of_columns=&#8221;one_column&#8221;][qode_elements_holder_item item_padding=&#8221;84px 0 0 52px&#8221; advanced_animations=&#8221;no&#8221; item_padding_1280_1440=&#8221;60px 0 0 55px&#8221; item_padding_768_1024=&#8221;10px 0 0 55px&#8221; item_padding_600_768=&#8221;50px 0 0 0px &#8221; item_padding_480_600=&#8221;50px 0 0 0px &#8221; item_padding_480=&#8221;50px 0 0 0px &#8220;][vc_column_text]<\/p>\n<h6>Beer Station<\/h6>\n<p>[\/vc_column_text][vc_empty_space height=&#8221;4px&#8221;][vc_column_text]<\/p>\n<h2>Kush jemi ne<\/h2>\n<p>[\/vc_column_text][vc_empty_space height=&#8221;12px&#8221;][vc_column_text]T\u00eb gjitha gatimet jan\u00eb t\u00eb vecanta, pasi ofrojn\u00eb nj\u00eb shije ndryshe nga e zakonshmja.<\/p>\n<p>Ato\u00a0shoq\u00ebrohen me salcat pikante dhe kan\u00eb influenc\u00eb nga gjith\u00eb kuzhinat e bot\u00ebs.<\/p>\n<p>Mish\u00ebrat me er\u00ebza,\u00a0salcat pikante dhe kombinimi i tyre me brum\u00ebrat i jep asaj origjinalitet dhe vecanti\u2026[\/vc_column_text][vc_empty_space height=&#8221;62px&#8221;]<a  itemprop=\"url\" href=\"#\" target=\"_self\"  class=\"qbutton  default\" style=\"\">Menu<\/a>[\/qode_elements_holder_item][\/qode_elements_holder][\/vc_column][\/vc_row][vc_row css_animation=&#8221;&#8221; row_type=&#8221;row&#8221; use_row_as_full_screen_section=&#8221;no&#8221; type=&#8221;grid&#8221; angled_section=&#8221;no&#8221; text_align=&#8221;left&#8221; background_image_as_pattern=&#8221;without_pattern&#8221; padding_top=&#8221;100&#8243; z_index=&#8221;&#8221;][vc_column offset=&#8221;vc_col-md-4&#8243;]<div class='q_icon_with_title medium custom_icon_image '><div class=\"icon_holder \" style=\" \"><img decoding=\"async\" itemprop=\"image\" style=\"\" src=\"https:\/\/wildwest.al\/wp-content\/uploads\/2018\/03\/about-cistom-icon-1.png\" alt=\"\"><\/div><div class=\"icon_text_holder\" style=\"\"><div class=\"icon_text_inner\" style=\"\"><h4 class=\"icon_title\" style=\"\">Cilesi<\/h4><p style=''><\/p><\/div><\/div><\/div>[vc_empty_space height=&#8221;22px&#8221;][\/vc_column][vc_column offset=&#8221;vc_col-md-4&#8243;]<div class='q_icon_with_title medium custom_icon_image '><div class=\"icon_holder \" style=\" \"><img decoding=\"async\" itemprop=\"image\" style=\"\" src=\"https:\/\/wildwest.al\/wp-content\/uploads\/2018\/03\/about-cistom-icon-2.png\" alt=\"\"><\/div><div class=\"icon_text_holder\" style=\"\"><div class=\"icon_text_inner\" style=\"\"><h4 class=\"icon_title\" style=\"\">Shumellojshmeri<\/h4><p style=''><\/p><\/div><\/div><\/div>[vc_empty_space height=&#8221;22px&#8221;][\/vc_column][vc_column offset=&#8221;vc_col-md-4&#8243;]<div class='q_icon_with_title medium custom_icon_image '><div class=\"icon_holder \" style=\" \"><img decoding=\"async\" itemprop=\"image\" style=\"\" src=\"https:\/\/wildwest.al\/wp-content\/uploads\/2018\/03\/about-cistom-icon-3.png\" alt=\"\"><\/div><div class=\"icon_text_holder\" style=\"\"><div class=\"icon_text_inner\" style=\"\"><h4 class=\"icon_title\" style=\"\">Shije<\/h4><p style=''><\/p><\/div><\/div><\/div>[vc_empty_space height=&#8221;22px&#8221;][\/vc_column][\/vc_row][vc_row css_animation=&#8221;&#8221; row_type=&#8221;row&#8221; use_row_as_full_screen_section=&#8221;no&#8221; type=&#8221;grid&#8221; angled_section=&#8221;no&#8221; text_align=&#8221;left&#8221; background_image_as_pattern=&#8221;without_pattern&#8221; padding_bottom=&#8221;100&#8243; z_index=&#8221;&#8221;][vc_column offset=&#8221;vc_col-md-6&#8243;][qode_elements_holder number_of_columns=&#8221;one_column&#8221;][qode_elements_holder_item item_padding=&#8221;93px 15px 0 0px&#8221; advanced_animations=&#8221;no&#8221; item_padding_1280_1440=&#8221;40px 15px 0 0px&#8221; item_padding_768_1024=&#8221;10px 0 0 0px&#8221; item_padding_600_768=&#8221;0px 0 50px 0px &#8221; item_padding_480_600=&#8221;0px 0 50px 0px &#8221; item_padding_480=&#8221;0px 0 50px 0px &#8220;][vc_column_text]<\/p>\n<h6>Beer Station<\/h6>\n<p>[\/vc_column_text][vc_column_text]<\/p>\n<h2>Birra te ndryshme<\/h2>\n<p>[\/vc_column_text][vc_empty_space height=&#8221;17px&#8221;][vc_empty_space height=&#8221;37px&#8221;][vc_row_inner row_type=&#8221;row&#8221; type=&#8221;full_width&#8221; text_align=&#8221;left&#8221; css_animation=&#8221;&#8221;][vc_column_inner el_class=&#8221;column-counters&#8221; width=&#8221;1\/3&#8243; offset=&#8221;vc_col-md-4&#8243; css=&#8221;.vc_custom_1521201076243{margin-left: -44px !important;padding-right: 0px !important;padding-left: 0px !important;}&#8221;]<div class=\"q_counter_holder  center\" style=\"\"><span class=\"counter  zero\" style=\"\">20<\/span><p class=\"counter_text\" style=\"\">LLoje Birrash<\/p><\/div>[\/vc_column_inner][vc_column_inner el_class=&#8221;column-counters&#8221; width=&#8221;1\/3&#8243; css=&#8221;.vc_custom_1521201080137{margin-left: -22px !important;padding-right: 0px !important;padding-left: 0px !important;}&#8221;]<div class=\"q_counter_holder  center\" style=\"\"><span class=\"counter  zero\" style=\"\">1000<\/span><p class=\"counter_text\" style=\"\">Klient<\/p><\/div>[\/vc_column_inner][vc_column_inner width=&#8221;1\/3&#8243; css=&#8221;.vc_custom_1521199593301{padding-right: 0px !important;padding-left: 0px !important;}&#8221;]<div class=\"q_counter_holder  center\" style=\"\"><span class=\"counter  zero\" style=\"\">23<\/span><p class=\"counter_text\" style=\"\">LLoje Gatimesh<\/p><\/div>[\/vc_column_inner][\/vc_row_inner][\/qode_elements_holder_item][\/qode_elements_holder][\/vc_column][vc_column offset=&#8221;vc_col-md-6&#8243;][qode_elements_holder number_of_columns=&#8221;one_column&#8221;][qode_elements_holder_item item_padding=&#8221;0 0 0 0&#8243; advanced_animations=&#8221;no&#8221;][vc_single_image image=&#8221;228&#8243; img_size=&#8221;full&#8221; alignment=&#8221;right&#8221; qode_css_animation=&#8221;&#8221;][\/qode_elements_holder_item][\/qode_elements_holder][\/vc_column][\/vc_row]<\/p>\n<\/div>","protected":false},"excerpt":{"rendered":"<p>[vc_row css_animation=&#8221;&#8221; row_type=&#8221;row&#8221; use_row_as_full_screen_section=&#8221;no&#8221; type=&#8221;grid&#8221; angled_section=&#8221;no&#8221; text_align=&#8221;left&#8221; background_image_as_pattern=&#8221;without_pattern&#8221; padding_top=&#8221;100&#8243; z_index=&#8221;&#8221;][vc_column offset=&#8221;vc_col-md-6&#8243;][qode_elements_holder number_of_columns=&#8221;one_column&#8221;][qode_elements_holder_item item_padding=&#8221;0 0 0 0&#8243; advanced_animations=&#8221;no&#8221;][vc_single_image image=&#8221;281&#8243; img_size=&#8221;full&#8221; alignment=&#8221;right&#8221; qode_css_animation=&#8221;&#8221;][\/qode_elements_holder_item][\/qode_elements_holder][\/vc_column][vc_column offset=&#8221;vc_col-md-6&#8243;][qode_elements_holder number_of_columns=&#8221;one_column&#8221;][qode_elements_holder_item item_padding=&#8221;84px 0 0 52px&#8221; advanced_animations=&#8221;no&#8221; item_padding_1280_1440=&#8221;60px 0 0 55px&#8221; item_padding_768_1024=&#8221;10px 0 0 55px&#8221; item_padding_600_768=&#8221;50px 0 0 0px &#8221; item_padding_480_600=&#8221;50px 0 0 0px&#8230;<\/p>\n","protected":false},"author":3,"featured_media":0,"parent":0,"menu_order":0,"comment_status":"closed","ping_status":"closed","template":"full_width.php","meta":{"footnotes":""},"class_list":["post-107","page","type-page","status-publish","hentry"],"_links":{"self":[{"href":"https:\/\/wildwest.al\/index.php?rest_route=\/wp\/v2\/pages\/107","targetHints":{"allow":["GET"]}}],"collection":[{"href":"https:\/\/wildwest.al\/index.php?rest_route=\/wp\/v2\/pages"}],"about":[{"href":"https:\/\/wildwest.al\/index.php?rest_route=\/wp\/v2\/types\/page"}],"author":[{"embeddable":true,"href":"https:\/\/wildwest.al\/index.php?rest_route=\/wp\/v2\/users\/3"}],"replies":[{"embeddable":true,"href":"https:\/\/wildwest.al\/index.php?rest_route=%2Fwp%2Fv2%2Fcomments&post=107"}],"version-history":[{"count":3,"href":"https:\/\/wildwest.al\/index.php?rest_route=\/wp\/v2\/pages\/107\/revisions"}],"predecessor-version":[{"id":288,"href":"https:\/\/wildwest.al\/index.php?rest_route=\/wp\/v2\/pages\/107\/revisions\/288"}],"wp:attachment":[{"href":"https:\/\/wildwest.al\/index.php?rest_route=%2Fwp%2Fv2%2Fmedia&parent=107"}],"curies":[{"name":"wp","href":"https:\/\/api.w.org\/{rel}","templated":true}]}}